{"id":212,"date":"2026-01-21T17:07:21","date_gmt":"2026-01-21T17:07:21","guid":{"rendered":"https:\/\/www.barrauazema-avocat.fr\/?page_id=212"},"modified":"2026-01-21T17:10:00","modified_gmt":"2026-01-21T17:10:00","slug":"contact","status":"publish","type":"page","link":"https:\/\/www.barrauazema-avocat.fr\/index.php\/contact\/","title":{"rendered":"Contact"},"content":{"rendered":"\n<p>Pour toute demande de renseignement, un devis ou un rendez-vous, n&rsquo;h\u00e9sitez pas \u00e0 me contacter<\/p>\n\n\n\n<p class=\"has-tertiary-background-color has-background\">Mathilde Barrau Az\u00e9ma<br>12 rue des Eaux,<br>75016 Paris<br>+33 (0)7.56.95.04.81<br>m.ba@barrauazema-avocat.fr<\/p>\n\n\n<p><iframe src=\"https:\/\/www.google.com\/maps\/embed?pb=!1m18!1m12!1m3!1d2625.054674360201!2d2.281950276154587!3d48.85716780079288!2m3!1f0!2f0!3f0!3m2!1i1024!2i768!4f13.1!3m3!1m2!1s0x47e6700276a69a1f%3A0xe7cb4edfac29f5c3!2s12%20Rue%20des%20Eaux%2C%2075016%20Paris!5e0!3m2!1sfr!2sfr!4v1769013465273!5m2!1sfr!2sfr\" width=\"600\" height=\"450\" style=\"border:0;\" allowfullscreen=\"\" loading=\"lazy\" referrerpolicy=\"no-referrer-when-downgrade\"><\/iframe><\/p>","protected":false},"excerpt":{"rendered":"<p>Pour toute demande de renseignement, un devis ou un rendez-vous, n&rsquo;h\u00e9sitez pas \u00e0 me contacter Mathilde Barrau Az\u00e9ma12 rue des Eaux,75016 Paris+33 (0)7.56.95.04.81m.ba@barrauazema-avocat.fr<\/p>\n","protected":false},"author":1,"featured_media":0,"parent":0,"menu_order":0,"comment_status":"closed","ping_status":"closed","template":"","meta":{"footnotes":""},"class_list":["post-212","page","type-page","status-publish","hentry"],"_links":{"self":[{"href":"https:\/\/www.barrauazema-avocat.fr\/index.php\/wp-json\/wp\/v2\/pages\/212","targetHints":{"allow":["GET"]}}],"collection":[{"href":"https:\/\/www.barrauazema-avocat.fr\/index.php\/wp-json\/wp\/v2\/pages"}],"about":[{"href":"https:\/\/www.barrauazema-avocat.fr\/index.php\/wp-json\/wp\/v2\/types\/page"}],"author":[{"embeddable":true,"href":"https:\/\/www.barrauazema-avocat.fr\/index.php\/wp-json\/wp\/v2\/users\/1"}],"replies":[{"embeddable":true,"href":"https:\/\/www.barrauazema-avocat.fr\/index.php\/wp-json\/wp\/v2\/comments?post=212"}],"version-history":[{"count":3,"href":"https:\/\/www.barrauazema-avocat.fr\/index.php\/wp-json\/wp\/v2\/pages\/212\/revisions"}],"predecessor-version":[{"id":237,"href":"https:\/\/www.barrauazema-avocat.fr\/index.php\/wp-json\/wp\/v2\/pages\/212\/revisions\/237"}],"wp:attachment":[{"href":"https:\/\/www.barrauazema-avocat.fr\/index.php\/wp-json\/wp\/v2\/media?parent=212"}],"curies":[{"name":"wp","href":"https:\/\/api.w.org\/{rel}","templated":true}]}}